{"id":341,"date":"2015-02-13T11:40:25","date_gmt":"2015-02-13T11:40:25","guid":{"rendered":"http:\/\/www.baduder.com\/?page_id=341"},"modified":"2015-02-22T14:00:19","modified_gmt":"2015-02-22T14:00:19","slug":"baduder-kuruculari","status":"publish","type":"page","link":"https:\/\/www.baduder.org\/tr\/baduder-kuruculari","title":{"rendered":"Kurucular"},"content":{"rendered":"<p>\n\tAYHAN OLGUN\n<\/p>\n<p>\n\tAHMET HAMD\u0130 G&Ouml;RK\n<\/p>\n<p>\n\tABD&Uuml;LHALUK AT\u0130K\n<\/p>\n<p>\n\tAL\u0130 B&Uuml;Y&Uuml;KKAYA\n<\/p>\n<p>\n\tATAKAN AK&Ccedil;AY\n<\/p>\n<p>\n\tATALAY B\u0130R\u0130NC\u0130\n<\/p>\n<p>\n\tATE\u015e AYHAN\n<\/p>\n<p>\n\tAYHAN &Ouml;ZGEN\n<\/p>\n<p>\n\tBEHSAT YAZICI\n<\/p>\n<p>\n\tD\u0130LEK DEM\u0130RBA\u015e\n<\/p>\n<p>\n\tEDA YILMAZ\n<\/p>\n<p>\n\tEM\u0130NE HANDAN SAVUR\n<\/p>\n<p>\n\tFUNDA KARABULUT\n<\/p>\n<p>\n\tG&Uuml;NG&Ouml;R ATA&Ccedil;\n<\/p>\n<p>\n\tHAMD\u0130 G&Ouml;Z&Uuml;TOK\n<\/p>\n<p>\n\tH&Uuml;SEY\u0130N TANRIVERD\u0130\n<\/p>\n<p>\n\tKEMAL &Ouml;ZERDEM\n<\/p>\n<p>\n\tKEMAL &Uuml;ST&Uuml;NDA\u011e\n<\/p>\n<p>\n\tKEZBAN TOZAK\n<\/p>\n<p>\n\tMEHMET DALKIRAN\n<\/p>\n<p>\n\tMUHARREM G&Uuml;ZEL\n<\/p>\n<p>\n\tMUHTES\u0130M GENCER\n<\/p>\n<p>\n\tMUSTAFA SERDAR SUNAR\n<\/p>\n<p>\n\tNECAT\u0130 KALKAN\n<\/p>\n<p>\n\tN\u0130LG&Uuml;N KIZILDA\u011e\n<\/p>\n<p>\n\tNURAY AKKA\u015e T\u0130MUR\n<\/p>\n<p>\n\tOSMAN KAFKAS\n<\/p>\n<p>\n\tOSMAN SA\u011eIR\n<\/p>\n<p>\n\t&Ouml;MER &Uuml;NAL\n<\/p>\n<p>\n\t&Ouml;ZCAN &Ccedil;OBAN\n<\/p>\n<p>\n\t&Ouml;ZKAN ZEYREK\n<\/p>\n<p>\n\tRECEP &Ouml;NEM\n<\/p>\n<p>\n\tRECEP &Ouml;ZER\n<\/p>\n<p>\n\tSABR\u0130 DURSUN\n<\/p>\n<p>\n\tSABR\u0130 ORTA\n<\/p>\n<p>\n\tSAL\u0130H B&Uuml;Y&Uuml;KATLI\n<\/p>\n<p>\n\tSERP\u0130L DEM\u0130R\n<\/p>\n<p>\n\t&Uuml;LK&Uuml; ES\u0130N\n<\/p>\n<p>\n\tYE\u015e\u0130M SEL\u0130MO\u011eLU\n<\/p>\n<p>\n\tYILMAZ TEM\u0130Z\n<\/p>\n<p>\n\tZEKA\u0130 YAKUPO\u011eLU<\/p>\n","protected":false},"excerpt":{"rendered":"<p>AYHAN OLGUN AHMET HAMD\u0130 G&Ouml;RK ABD&Uuml;LHALUK AT\u0130K AL\u0130 B&Uuml;Y&Uuml;KKAYA ATAKAN AK&Ccedil;AY ATALAY B\u0130R\u0130NC\u0130 ATE\u015e AYHAN AYHAN &Ouml;ZGEN BEHSAT YAZICI D\u0130LEK DEM\u0130RBA\u015e EDA YILMAZ EM\u0130NE HANDAN SAVUR FUNDA KARABULUT G&Uuml;NG&Ouml;R ATA&Ccedil; HAMD\u0130 G&Ouml;Z&Uuml;TOK H&Uuml;SEY\u0130N TANRIVERD\u0130 KEMAL &Ouml;ZERDEM KEMAL &Uuml;ST&Uuml;NDA\u011e KEZBAN TOZAK MEHMET DALKIRAN MUHARREM G&Uuml;ZEL MUHTES\u0130M GENCER MUSTAFA SERDAR SUNAR NECAT\u0130 KALKAN N\u0130LG&Uuml;N KIZILDA\u011e NURAY AKKA\u015e [&hellip;]<\/p>\n","protected":false},"author":1,"featured_media":0,"parent":0,"menu_order":0,"comment_status":"closed","ping_status":"closed","template":"","meta":{"_joinchat":[]},"_links":{"self":[{"href":"https:\/\/www.baduder.org\/tr\/wp-json\/wp\/v2\/pages\/341"}],"collection":[{"href":"https:\/\/www.baduder.org\/tr\/wp-json\/wp\/v2\/pages"}],"about":[{"href":"https:\/\/www.baduder.org\/tr\/wp-json\/wp\/v2\/types\/page"}],"author":[{"embeddable":true,"href":"https:\/\/www.baduder.org\/tr\/wp-json\/wp\/v2\/users\/1"}],"replies":[{"embeddable":true,"href":"https:\/\/www.baduder.org\/tr\/wp-json\/wp\/v2\/comments?post=341"}],"version-history":[{"count":0,"href":"https:\/\/www.baduder.org\/tr\/wp-json\/wp\/v2\/pages\/341\/revisions"}],"wp:attachment":[{"href":"https:\/\/www.baduder.org\/tr\/wp-json\/wp\/v2\/media?parent=341"}],"curies":[{"name":"wp","href":"https:\/\/api.w.org\/{rel}","templated":true}]}}