{"id":1301,"date":"2015-02-24T13:49:06","date_gmt":"2015-02-24T13:49:06","guid":{"rendered":"http:\/\/www.baduder.org\/tr\/?page_id=1301"},"modified":"2024-07-29T08:00:54","modified_gmt":"2024-07-29T08:00:54","slug":"uyelik-basvurusu","status":"publish","type":"page","link":"https:\/\/www.baduder.org\/tr\/uyelik-basvurusu","title":{"rendered":"\u00dcyelik Ba\u015fvurusu"},"content":{"rendered":"<p>\u00dcyelik formunu <span style=\"color: #800000;\"><strong><a style=\"color: #800000;\" href=\"https:\/\/www.baduder.org\/tr\/basvuru.doc\">buradan<\/a><\/strong><\/span> indirebilirsiniz.<\/p>\n<p>Formu doldurduktan sonra <strong><span style=\"color: #003366;\">baduder@hotmail.com.tr<\/span><\/strong> adresine mail atabilirsiniz.<\/p>\n","protected":false},"excerpt":{"rendered":"<p>\u00dcyelik formunu buradan indirebilirsiniz. Formu doldurduktan sonra baduder@hotmail.com.tr adresine mail atabilirsiniz.<\/p>\n","protected":false},"author":1,"featured_media":0,"parent":0,"menu_order":0,"comment_status":"closed","ping_status":"closed","template":"","meta":{"_joinchat":[]},"_links":{"self":[{"href":"https:\/\/www.baduder.org\/tr\/wp-json\/wp\/v2\/pages\/1301"}],"collection":[{"href":"https:\/\/www.baduder.org\/tr\/wp-json\/wp\/v2\/pages"}],"about":[{"href":"https:\/\/www.baduder.org\/tr\/wp-json\/wp\/v2\/types\/page"}],"author":[{"embeddable":true,"href":"https:\/\/www.baduder.org\/tr\/wp-json\/wp\/v2\/users\/1"}],"replies":[{"embeddable":true,"href":"https:\/\/www.baduder.org\/tr\/wp-json\/wp\/v2\/comments?post=1301"}],"version-history":[{"count":1,"href":"https:\/\/www.baduder.org\/tr\/wp-json\/wp\/v2\/pages\/1301\/revisions"}],"predecessor-version":[{"id":7512,"href":"https:\/\/www.baduder.org\/tr\/wp-json\/wp\/v2\/pages\/1301\/revisions\/7512"}],"wp:attachment":[{"href":"https:\/\/www.baduder.org\/tr\/wp-json\/wp\/v2\/media?parent=1301"}],"curies":[{"name":"wp","href":"https:\/\/api.w.org\/{rel}","templated":true}]}}