{"id":1284,"date":"2015-02-22T17:42:57","date_gmt":"2015-02-22T17:42:57","guid":{"rendered":"http:\/\/www.baduder.org\/tr\/?page_id=1284"},"modified":"2015-02-24T13:20:38","modified_gmt":"2015-02-24T13:20:38","slug":"baduder-anket-2015-1","status":"publish","type":"page","link":"https:\/\/www.baduder.org\/tr\/baduder-anket-2015-1","title":{"rendered":"Baduder Anket 2015-1"},"content":{"rendered":"<p>\u00dcyesi oldu\u011funuz ve olmay\u0131 d\u00fc\u015f\u00fcnd\u00fc\u011f\u00fcn\u00fcz BA\u011eIMSIZ DENET\u0130M UZMANLARI DERNE\u011e\u0130 hakk\u0131ndaki g\u00f6r\u00fc\u015flerinizden yararlanabilmemiz\u00a0 i\u00e7in bir de\u011ferlendirme anketi haz\u0131rlanm\u0131\u015ft\u0131r. Bu ankete verece\u011finiz samimi ve i\u00e7ten cevaplar derne\u011fimizin sizlere daha iyi hizmet verebilmesi ad\u0131na \u00f6nem arz etmektedir.<\/p>\n<p>Anketimizi cevaplamak i\u00e7in vakit ay\u0131rd\u0131\u011f\u0131n\u0131z i\u00e7in te\u015fekk\u00fcr ederiz.<strong>\u00a0<\/strong><\/p>\n<p><strong>BADUDER Y\u00d6NET\u0130M KURULU<\/strong><\/p>\n<p>[contact-form-7 id=&#8221;1297&#8243; title=&#8221;\u0130leti\u015fim formu 1&#8243;]<\/p>\n<p>&nbsp;<\/p>\n","protected":false},"excerpt":{"rendered":"<p>\u00dcyesi oldu\u011funuz ve olmay\u0131 d\u00fc\u015f\u00fcnd\u00fc\u011f\u00fcn\u00fcz BA\u011eIMSIZ DENET\u0130M UZMANLARI DERNE\u011e\u0130 hakk\u0131ndaki g\u00f6r\u00fc\u015flerinizden yararlanabilmemiz\u00a0 i\u00e7in bir de\u011ferlendirme anketi haz\u0131rlanm\u0131\u015ft\u0131r. Bu ankete verece\u011finiz samimi ve i\u00e7ten cevaplar derne\u011fimizin sizlere daha iyi hizmet verebilmesi ad\u0131na \u00f6nem arz etmektedir. Anketimizi cevaplamak i\u00e7in vakit ay\u0131rd\u0131\u011f\u0131n\u0131z i\u00e7in te\u015fekk\u00fcr ederiz.\u00a0 BADUDER Y\u00d6NET\u0130M KURULU [contact-form-7 id=&#8221;1297&#8243; title=&#8221;\u0130leti\u015fim formu 1&#8243;] &nbsp;<\/p>\n","protected":false},"author":1,"featured_media":0,"parent":0,"menu_order":0,"comment_status":"closed","ping_status":"closed","template":"","meta":{"_joinchat":[]},"_links":{"self":[{"href":"https:\/\/www.baduder.org\/tr\/wp-json\/wp\/v2\/pages\/1284"}],"collection":[{"href":"https:\/\/www.baduder.org\/tr\/wp-json\/wp\/v2\/pages"}],"about":[{"href":"https:\/\/www.baduder.org\/tr\/wp-json\/wp\/v2\/types\/page"}],"author":[{"embeddable":true,"href":"https:\/\/www.baduder.org\/tr\/wp-json\/wp\/v2\/users\/1"}],"replies":[{"embeddable":true,"href":"https:\/\/www.baduder.org\/tr\/wp-json\/wp\/v2\/comments?post=1284"}],"version-history":[{"count":0,"href":"https:\/\/www.baduder.org\/tr\/wp-json\/wp\/v2\/pages\/1284\/revisions"}],"wp:attachment":[{"href":"https:\/\/www.baduder.org\/tr\/wp-json\/wp\/v2\/media?parent=1284"}],"curies":[{"name":"wp","href":"https:\/\/api.w.org\/{rel}","templated":true}]}}